{"id":7047,"date":"2025-11-11T11:07:51","date_gmt":"2025-11-11T14:07:51","guid":{"rendered":"https:\/\/youtunein.com\/family-purchase\/"},"modified":"2026-02-25T09:47:09","modified_gmt":"2026-02-25T12:47:09","slug":"purchase-family-plan","status":"publish","type":"page","link":"https:\/\/youtunein.com\/pt-br\/purchase-family-plan\/","title":{"rendered":"Compra Familiar"},"content":{"rendered":"\t\t<div data-elementor-type=\"wp-page\" data-elementor-id=\"7047\" class=\"elementor elementor-7047 elementor-6990\" data-elementor-post-type=\"page\">\n\t\t\t\t<div class=\"elementor-element elementor-element-a797ddb e-con-full e-flex e-con e-parent\" data-id=\"a797ddb\" data-element_type=\"container\" data-e-type=\"container\" data-settings=\"{&quot;background_background&quot;:&quot;classic&quot;}\">\n\t\t\t\t<div class=\"elementor-element elementor-element-c3a3a2e elementor-widget elementor-widget-shortcode\" data-id=\"c3a3a2e\" data-element_type=\"widget\" data-e-type=\"widget\" data-widget_type=\"shortcode.default\">\n\t\t\t\t\t\t\t<div class=\"elementor-shortcode\"><div class=\"ytism-plan-container ytism-family-plan\">\n\t<div class=\"ytism-plan-row\">\n\t\t            \n            <div class=\"ytism-plan-banner\">\n\t\t\t\t<div class=\"ytism-plan-banner-inner\">\n\t\t\t\t\t<div class=\"ytism-plan-banner-image-wrap\">\n\t\t\t\t\t\t<img \n\t\t\t\t\t\t\tsrc=\"https:\/\/youtunein.com\/wp-content\/uploads\/2026\/02\/Rectangle-39999.png\" \n\t\t\t\t\t\t\talt=\"Comprovado pela Neuroci\u00eancia\"\n\t\t\t\t\t\t\tclass=\"ytism-plan-banner-image\"\n\t\t\t\t\t\t>\n\t\t\t\t\t\t<div class=\"ytism-plan-banner-image-content\">\n\t\t\t\t\t\t\t<h2 class=\"ytism-plan-banner-heading\">\n\t\t\t\t\t\t\t\t<span class=\"ytism-plan-banner-heading-top\">\n\t\t\t\t\t\t\t\t\tComprovado pela\t\t\t\t\t\t\t\t<\/span>\n\t\t\t\t\t\t\t\t<span class=\"ytism-plan-banner-heading-bottom\">\n\t\t\t\t\t\t\t\t\tNeuroci\u00eancia\t\t\t\t\t\t\t\t<\/span>\n\t\t\t\t\t\t\t<\/h2>\n\t\t\t\t\t\t\t<p class=\"ytism-plan-banner-text\">\n                                Use durante o trabalho, para relaxar ou                                <span class=\"mobile-break\"><\/span>\n                                para dormir                            <\/p>\n\t\t\t\t\t\t<\/div>\n\t\t\t\t\t<\/div>\n\n\t\t\t\t\t<h2 class=\"ytism-plan-banner-subheading\">\n\t\t\t\t\t\t<span class=\"ytism-plan-banner-subheading-top\">\n\t\t\t\t\t\t\t10 minutos por dia\t\t\t\t\t\t<\/span>\n\t\t\t\t\t\t<span class=\"ytism-plan-banner-subheading-bottom\">\n\t\t\t\t\t\t\ts\u00e3o suficientes para ver resultados\t\t\t\t\t\t<\/span>\n\t\t\t\t\t<\/h2>\n\n\t\t\t\t\t<div class=\"ytism-stats-wrapper\">\n\n\t\t\t\t\t\t<div class=\"ytism-stats-vertical\">\n\n\t\t\t\t\t\t<div class=\"ytism-stats-line\"><\/div>\n\n\t\t\t\t\t\t<div class=\"ytism-stats-item ytism-stats-item-1\">\n\t\t\t\t\t\t\t<span class=\"ytism-stats-dot\"><\/span>\n\t\t\t\t\t\t\t<div class=\"ytism-stats-content\">\n\t\t\t\t\t\t\t\t<div class=\"ytism-stats-percent\">\n\t\t\t\t\t\t\t\t\t70%\t\t\t\t\t\t\t\t<\/div>\n\t\t\t\t\t\t\t\t<p class=\"ytism-stats-text\">\n\t\t\t\t\t\t\t\t\tdos usu\u00e1rios se sentem mais\t\t\t\t\t\t\t\t\t<span class=\"mobile-break\"><\/span>\n\t\t\t\t\t\t\t\t\tcalmos na\t\t\t\t\t\t\t\t\t<strong>primeira semana<\/strong>\n\t\t\t\t\t\t\t\t<\/p>\n\t\t\t\t\t\t\t<\/div>\n\t\t\t\t\t\t<\/div>\n\n\t\t\t\t\t\t<div class=\"ytism-stats-item ytism-stats-item-2\">\n\t\t\t\t\t\t\t<span class=\"ytism-stats-dot\"><\/span>\n\t\t\t\t\t\t\t<div class=\"ytism-stats-content\">\n\t\t\t\t\t\t\t\t<div class=\"ytism-stats-percent\">\n\t\t\t\t\t\t\t\t\t75%\t\t\t\t\t\t\t\t<\/div>\n\t\t\t\t\t\t\t\t<p class=\"ytism-stats-text\">\n\t\t\t\t\t\t\t\t\tdos usu\u00e1rios dormem melhor ap\u00f3s\t\t\t\t\t\t\t\t\t<span class=\"mobile-break\"><\/span>\n\t\t\t\t\t\t\t\t\t<strong>10 dias<\/strong>\n\t\t\t\t\t\t\t\t<\/p>\n\t\t\t\t\t\t\t<\/div>\n\t\t\t\t\t\t<\/div>\n\n\t\t\t\t\t\t<div class=\"ytism-stats-item ytism-stats-item-3\">\n\t\t\t\t\t\t\t<span class=\"ytism-stats-dot\"><\/span>\n\t\t\t\t\t\t\t<div class=\"ytism-stats-content\">\n\t\t\t\t\t\t\t\t<div class=\"ytism-stats-percent\">\n\t\t\t\t\t\t\t\t\t90%\t\t\t\t\t\t\t\t<\/div>\n\t\t\t\t\t\t\t\t<p class=\"ytism-stats-text\">\n\t\t\t\t\t\t\t\t\tdos usu\u00e1rios sentem-se menos estressados e mais positivos\t\t\t\t\t\t\t\t\t<strong>dentro de um m\u00eas<\/strong>\n\t\t\t\t\t\t\t\t\tde uso constante\t\t\t\t\t\t\t\t<\/p>\n\t\t\t\t\t\t\t<\/div>\n\t\t\t\t\t\t<\/div>\n\t\t\t\t\t\t<\/div>\n\t\t\t\t\t<\/div>\n\n\t\t\t\t<\/div>\n\t\t\t<\/div>\n            \n            <div class=\"ytism-plan-info\">\n                                    <div class=\"ytism-product-container\" data-plan=\"family\">\n                        <div class=\"ytism-product-options\">\n                            <div class=\"ytism-price-selector\">\n                                                                    <div class=\"ytism-price-option ytism-price-option-checked\" data-price-id=\"price_1SSKasGlQNdqyaU1so6Ssqy9\" style=\"\">\n                                        <label for=\"price-price_1SSKasGlQNdqyaU1so6Ssqy9\">\n                                            <input type=\"radio\" name=\"ytism_price_id\"\n                                                id=\"price-price_1SSKasGlQNdqyaU1so6Ssqy9\"\n                                                value=\"price_1SSKasGlQNdqyaU1so6Ssqy9\"\n                                                data-price-object=\"{&quot;id&quot;:&quot;price_1SSKasGlQNdqyaU1so6Ssqy9&quot;,&quot;object&quot;:&quot;price&quot;,&quot;active&quot;:true,&quot;billing_scheme&quot;:&quot;per_unit&quot;,&quot;created&quot;:1762879138,&quot;currency&quot;:&quot;usd&quot;,&quot;currency_options&quot;:{&quot;brl&quot;:{&quot;custom_unit_amount&quot;:null,&quot;tax_behavior&quot;:&quot;unspecified&quot;,&quot;unit_amount&quot;:16990,&quot;unit_amount_decimal&quot;:&quot;16990&quot;},&quot;inr&quot;:{&quot;custom_unit_amount&quot;:null,&quot;tax_behavior&quot;:&quot;unspecified&quot;,&quot;unit_amount&quot;:289900,&quot;unit_amount_decimal&quot;:&quot;289900&quot;},&quot;usd&quot;:{&quot;custom_unit_amount&quot;:null,&quot;tax_behavior&quot;:&quot;unspecified&quot;,&quot;unit_amount&quot;:7499,&quot;unit_amount_decimal&quot;:&quot;7499&quot;}},&quot;custom_unit_amount&quot;:null,&quot;livemode&quot;:true,&quot;lookup_key&quot;:null,&quot;metadata&quot;:[],&quot;nickname&quot;:&quot;Annually&quot;,&quot;product&quot;:&quot;prod_TP8sThacDwp90v&quot;,&quot;recurring&quot;:{&quot;interval&quot;:&quot;year&quot;,&quot;interval_count&quot;:1,&quot;meter&quot;:null,&quot;trial_period_days&quot;:null,&quot;usage_type&quot;:&quot;licensed&quot;},&quot;tax_behavior&quot;:&quot;unspecified&quot;,&quot;tiers_mode&quot;:null,&quot;transform_quantity&quot;:null,&quot;type&quot;:&quot;recurring&quot;,&quot;unit_amount&quot;:7499,&quot;unit_amount_decimal&quot;:&quot;7499&quot;}\"\n                                                checked                                            \/>\n                                            <span class=\"price-name\">Anual<\/span>\n                                        <\/label>\n                                    <\/div>\n                                                            <\/div>\n\n                            <div class=\"ytism-currency-selector\">\n                                <input type=\"hidden\" id=\"initial-currency\" name=\"ytism_currency\" value=\"usd\" \/>\n                            <\/div>\n                        <\/div>\n\n                        <div class=\"ytism-price-summary\" >\n                            <div class=\"ytism-quantity-section\">\n                                <label for=\"ytism-price-quantity\">N\u00famero de pessoas<\/label>\n                                <input type=\"number\" id=\"ytism-price-quantity\" name=\"ytism_quantity\" value=\"2\" min=\"2\" max=\"5\" \/>\n                            <\/div>\n                            <div class=\"ytism-calculated-price\">\n                                <div class=\"ytism-calculated-response\">\n                                    <div class=\"ytism-price-subtotal\">\n                                        &#x24;149.98<span class=\"ytism-price-recurring-interval\">\/ano<\/span>                                    <\/div>\n                                    <div class=\"ytism-price-details\">\n                                        <div class=\"ytsim-price-unit\">&#x24;74.99<\/div>\n                                        <div class=\"ytism-price-desc\">&#x24;74.99 por unidade \/ ano<\/div>\n                                    <\/div>\n                                <\/div>\n                                <div class=\"ytism-price-loading\" style=\"display: none;\">\n                                    <div class=\"ytism-skeleton ytism-skeleton-price-large\"><\/div>\n                                    <div class=\"ytism-skeleton ytism-skeleton-price-medium\"><\/div>\n                                    <div class=\"ytism-skeleton ytism-skeleton-price-text\"><\/div>\n                                <\/div>\n                            <\/div>\n                        <\/div>\n                    <\/div>\n                                \n                <div class=\"ytism-plan-desctiption ytism-plan-benefits\">\n\n\t\t\t\t\t<ul class=\"ytism-plan-benefits-primary\">\n\t\t\t\t\t\t<li>\n\t\t\t\t\t\t\t<span class=\"ytism-plan-benefits-dot\"><\/span>\n\t\t\t\t\t\t\t<span class=\"ytism-plan-benefits-text\">\n                                <strong>Adorme\u00e7a 2x mais r\u00e1pido<\/strong> &amp; acorde energizado                            <\/span>\n\n\t\t\t\t\t\t<\/li>\n\n\t\t\t\t\t\t<li>\n\t\t\t\t\t\t\t<span class=\"ytism-plan-benefits-dot\"><\/span>\n\t\t\t\t\t\t\t<span class=\"ytism-plan-benefits-text\">\n                                <strong>Elimine o ru\u00eddo mental<\/strong> &amp; sustente a concentra\u00e7\u00e3o\/foco                            <\/span>\n\n\t\t\t\t\t\t<\/li>\n\n\t\t\t\t\t\t<li>\n\t\t\t\t\t\t\t<span class=\"ytism-plan-benefits-dot\"><\/span>\n\t\t\t\t\t\t\t<span class=\"ytism-plan-benefits-text\">\n\t\t\t\t\t\t\t\t<strong>Reprograme os padr\u00f5es do subconsciente<\/strong> que influenciam seus pensamentos e emo\u00e7\u00f5es\t\t\t\t\t\t\t<\/span>\n\t\t\t\t\t\t<\/li>\n\n\t\t\t\t\t\t<li>\n\t\t\t\t\t\t\t<span class=\"ytism-plan-benefits-dot\"><\/span>\n\t\t\t\t\t\t\t<span class=\"ytism-plan-benefits-text\">\n\t\t\t\t\t\t\t\t<strong>Reduza a ansiedade<\/strong> e os sintomas <strong>da depress\u00e3o<br> Cultive intelig\u00eancia emocional, equil\u00edbrio interno<\/strong> &amp; <strong>autodom\u00ednio<\/strong>\t\t\t\t\t\t\t<\/span>\n\t\t\t\t\t\t<\/li>\n\t\t\t\t\t<\/ul>\n\n\t\t\t\t\t<ul class=\"ytism-plan-benefits-secondary\">\n\t\t\t\t\t\t<li>\n\t\t\t\t\t\t\t<span class=\"ytism-plan-benefits-check\"><\/span>\n\t\t\t\t\t\t\t<span class=\"ytism-plan-benefits-text\">\n\t\t\t\t\t\t\t\t<strong>Sons de cura<\/strong> &amp; Sons 8D\t\t\t\t\t\t\t<\/span>\n\t\t\t\t\t\t<\/li>\n\n\t\t\t\t\t\t<li>\n\t\t\t\t\t\t\t<span class=\"ytism-plan-benefits-check\"><\/span>\n\t\t\t\t\t\t\t<span class=\"ytism-plan-benefits-text\">\n\t\t\t\t\t\t\t\t<strong>Afirma\u00e7\u00f5es com frequ\u00eancias Delta &amp; Theta<\/strong>\n\t\t\t\t\t\t\t<\/span>\n\t\t\t\t\t\t<\/li>\n\n\t\t\t\t\t\t<li>\n\t\t\t\t\t\t\t<span class=\"ytism-plan-benefits-check\"><\/span>\n\t\t\t\t\t\t\t<span class=\"ytism-plan-benefits-text\">\n                                <strong>7 frequ\u00eancias para treinar seu c\u00e9rebro<\/strong> diariamente, mantendo-o saud\u00e1vel &amp; afiado<br>E muito mais para nutrir seu <strong>c\u00e9rebro &amp; alma<\/strong>                            <\/span>\n\t\t\t\t\t\t<\/li>\n\t\t\t\t\t<\/ul>\n\n\t\t\t\t<\/div>\n\t\t\t\t\n\t\t\t\t<div class=\"ytism-store-buttons\">\n\n\t\t\t\t\t<a href=\"https:\/\/apps.apple.com\/us\/app\/binaural-beats-8d-meditation\/id1545920448\" class=\"ytism-store-link ytism-store-apple\">\n\t\t\t\t\t\t<img \n\t\t\t\t\t\t\tsrc=\"https:\/\/youtunein.com\/wp-content\/uploads\/2026\/02\/apple-storeicon.png\"\n\t\t\t\t\t\t\talt=\"Baixe na App Store\"\n\t\t\t\t\t\t>\n\t\t\t\t\t<\/a>\n\n\t\t\t\t\t\t<a href=\"https:\/\/play.google.com\/store\/apps\/details?id=com.youtunein.youtunein&hl=en_US&gl=US\" class=\"ytism-store-link ytism-store-google\">\n\t\t\t\t\t\t<img \n\t\t\t\t\t\t\tsrc=\"https:\/\/youtunein.com\/wp-content\/uploads\/2026\/02\/gp-icon.png\"\n\t\t\t\t\t\t\talt=\"Baixe no Google Play\"\n\t\t\t\t\t\t>\n\t\t\t\t\t<\/a>\n\n\t\t\t\t<\/div>\n                <div class=\"ytism-testimonials-carousel\">\n\t\t\t\t\t<button type=\"button\" class=\"ytism-carousel-arrow ytism-carousel-prev\" aria-label=\"Previous\">\n\t\t\t\t\t\t\u2039\n\t\t\t\t\t<\/button>\n\t\t\t\t\t<div class=\"ytism-plan-cards ytism-plan-testimonials\">\n\t\t\t\t\t\t<div class=\"ytism-plan-card ytism-testimonial-card\">\n\t\t\t\t\t\t\t<div class=\"ytism-testimonial-meta\">\n\t\t\t\t\t\t\t\t<div class=\"ytism-testimonial-stars\">\u2605\u2605\u2605\u2605\u2605<\/div>\n\t\t\t\t\t\t\t\t<div class=\"ytism-testimonial-name\">Michelle<\/div>\n\t\t\t\t\t\t\t<\/div>\n\t\t\t\t\t\t\t<h3 class=\"ytism-testimonial-title\">Melhor rem\u00e9dio para dormir<\/h3>\n\t\t\t\t\t\t\t<p class=\"ytism-testimonial-text\">\n\t\t\t\t\t\t\t\t\u201c\u2026minha filha de 8 anos me pediu para colocar sons relaxantes e n\u00f3s duas dormimos em menos de 10 minutos!\u201d\t\t\t\t\t\t\t<\/p>\n\t\t\t\t\t\t<\/div>\n\n\t\t\t\t\t\t<div class=\"ytism-plan-card ytism-testimonial-card\">\n\t\t\t\t\t\t\t<div class=\"ytism-testimonial-meta\">\n\t\t\t\t\t\t\t\t<div class=\"ytism-testimonial-stars\">\u2605\u2605\u2605\u2605\u2605<\/div>\n\t\t\t\t\t\t\t\t<div class=\"ytism-testimonial-name\">Irena-Sofia<\/div>\n\t\t\t\t\t\t\t<\/div>\n\t\t\t\t\t\t\t<h3 class=\"ytism-testimonial-title\">Mudou a minha vida.<\/h3>\n\t\t\t\t\t\t\t<p class=\"ytism-testimonial-text\">\n\t\t\t\t\t\t\t\t\u201c\u2026de longe o melhor app de medita\u00e7\u00e3o que j\u00e1 usei.\nNo geral, 10\/10.\nSuper recomendo.\u201d\t\t\t\t\t\t\t<\/p>\n\t\t\t\t\t\t<\/div>\n\n\t\t\t\t\t\t<div class=\"ytism-plan-card ytism-testimonial-card\">\n\t\t\t\t\t\t\t<div class=\"ytism-testimonial-meta\">\n\t\t\t\t\t\t\t\t<div class=\"ytism-testimonial-stars\">\u2605\u2605\u2605\u2605\u2605<\/div>\n\t\t\t\t\t\t\t\t<div class=\"ytism-testimonial-name\">Rules<\/div>\n\t\t\t\t\t\t\t<\/div>\n\t\t\t\t\t\t\t<h3 class=\"ytism-testimonial-title\">Estou OBCECADO!!<\/h3>\n\t\t\t\t\t\t\t<p class=\"ytism-testimonial-text\">\n\t\t\t\t\t\t\t\t\u201c\u2026n\u00e3o consigo ficar um dia sem ou sinto que minha vibe fica completamente fora de sintonia!\u201d\t\t\t\t\t\t\t<\/p>\n\t\t\t\t\t\t<\/div>\n\t\t\t\t\t<\/div>\n\t\t\t\t\t<button type=\"button\" class=\"ytism-carousel-arrow ytism-carousel-next\" aria-label=\"Next\">\n\t\t\t\t\t\t\u203a\n\t\t\t\t\t<\/button>\n\t\t\t\t<\/div>\n            <\/div>\n                <div class=\"ytism-user-panel\">\n                            <div class=\"ytism-auth-container\">\n                    <h2 class=\"ytism-panel-header\">Veja como o suporte \u00e0 sa\u00fade mental pode ser econ\u00f4mico<\/h2>\n\n                    <div class=\"ytism-auth-form\">\n                        \t\t<form method=\"post\" class=\"ytism-register-form ytism-simple-plan\" id=\"ytism-6a033267d75bc-register-form\">\n\t\t\t<div class=\"ytism-form-field\">\n\t\t\t\t<label for=\"ytism-6a033267d75bc_full_name\" class=\"ytism-form-field-label not-require\">\n\t\t\t\t\tNome Sobrenome:\t\t\t\t<\/label>\n\t\t\t\t<input type=\"text\" name=\"full_name\"\n\t\t\t\t\tid=\"ytism-6a033267d75bc_full_name\"\n\t\t\t\t\tmaxlength=\"150\"\n\t\t\t\t\trequired\n\t\t\t\t\tplaceholder=\"Nome Sobrenome:\"\n\t\t\t\t\tvalue=\"\">\n\t\t\t<\/div>\n\t\t\t<div class=\"ytism-form-field\">\n\t\t\t\t<label for=\"ytism-6a033267d75bc_email\" class=\"ytism-form-field-label not-require\">E-mail:<\/label>\n\t\t\t\t<input type=\"email\" name=\"email\"\n\t\t\t\t\tid=\"ytism-6a033267d75bc_email\"\n\t\t\t\t\tmaxlength=\"100\"\n\t\t\t\t\trequired\n\t\t\t\t\tplaceholder=\"E-mail:\"\n\t\t\t\t\tvalue=\"\">\n\t\t\t<\/div>\n\t\t\t<div class=\"ytism-form-field ytism-form-password-field\">\n\t\t\t\t<label for=\"ytism-6a033267d75bc_password\" class=\"ytism-form-field-label not-require\">Crie uma senha:<\/label>\n\t\t\t\t<div class=\"ytism-form-field-password-wrapper\">\n\t\t\t\t\t<input type=\"password\" name=\"password\"\n\t\t\t\t\t\tid=\"ytism-6a033267d75bc_password\"\n\t\t\t\t\t\tminlength=\"6\"\n\t\t\t\t\t\tmaxlength=\"64\"\n\t\t\t\t\t\tautocomplete=\"new-password\"\n\t\t\t\t\t\tplaceholder=\"Senha:\"\n\t\t\t\t\t\trequired>\n\t\t\t\t\t<button type=\"button\" class=\"ytism-form-toggle-password\" aria-label=\"Alternar senha\">\n\t\t\t\t\t\t<i class='ytism-icon ytism-icon-eye'><\/i>\n\t\t\t\t\t<\/button>\n\t\t\t\t<\/div>\n\t\t\t\t<div id=\"ytism-6a033267d75bc_password_meter\" class=\"ytism-form-password-meter\"><\/div>\n\t\t\t<\/div>\n\t\t\t<div class=\"ytism-form-field ytism-form-password-field\">\n\t\t\t\t<label for=\"ytism-6a033267d75bc_confirm_password\" class=\"ytism-form-field-label not-require\">\n\t\t\t\t\tConfirme a senha:\t\t\t\t<\/label>\n\t\t\t\t<div class=\"ytism-form-field-password-wrapper\">\n\t\t\t\t\t<input type=\"password\" name=\"confirm_password\"\n\t\t\t\t\t\tid=\"ytism-6a033267d75bc_confirm_password\"\n\t\t\t\t\t\tminlength=\"6\"\n\t\t\t\t\t\tmaxlength=\"64\"\n\t\t\t\t\t\tautocomplete=\"new-password\"\n\t\t\t\t\t\tplaceholder=\"Confirme sua senha:\"\n\t\t\t\t\t\trequired>\n\t\t\t\t\t<button type=\"button\" class=\"ytism-form-toggle-password\" aria-label=\"Alternar senha\">\n\t\t\t\t\t\t<i class='ytism-icon ytism-icon-eye'><\/i>\n\t\t\t\t\t<\/button>\n\t\t\t\t<\/div>\n\t\t\t<\/div>\n\t\t\t<div class=\"ytism-form-field\">\n\t\t\t\t<label for=\"ytism-6a033267d75bc_terms\" \n\t\t\t\t\tclass=\"ytism-form-field-label ytism-form-field-label-checkbox ytism-form-field-terms require\">\n\t\t\t\t\t\n\t\t\t\t\t<input type=\"checkbox\"\n\t\t\t\t\t\tname=\"terms\"\n\t\t\t\t\t\tid=\"ytism-6a033267d75bc_terms\"\n\t\t\t\t\t\trequired\n\t\t\t\t\t\tvalue=\"1\"\n\t\t\t\t\t\t \/>\n\n\t\t\t\t\t<span class=\"ytism-terms-text\">\n\t\t\t\t\t\tAo clicar em Assinar, voc\u00ea confirma e declara que leu, entendeu e concorda com nossos <a href=\"https:\/\/youtunein.com\/pt-br\/terms-of-use\/\" target=\"_blank\" rel=\"noopener noreferrer\">Termos de Uso<\/a>, <a href=\"https:\/\/youtunein.com\/pt-br\/privacy\/\" target=\"_blank\" rel=\"noopener noreferrer\">Pol\u00edtica de Privacidade e Termos de Assinatura<\/a>. As assinaturas s\u00e3o renovadas automaticamente.\t\t\t\t\t<\/span>\n\n\t\t\t\t<\/label>\n\t\t\t<\/div>\n\n\n\t\t\t<input type=\"hidden\" id=\"nonce\" name=\"nonce\" value=\"e4239be2b8\" \/><input type=\"hidden\" name=\"_wp_http_referer\" value=\"\/pt-br\/wp-json\/wp\/v2\/pages\/7047\" \/>\t\t\t<input type=\"hidden\" name=\"auth_action\" value=\"register\">\n\n\t\t\t<button\n\t\t\t\ttype=\"submit\"\n\t\t\t\tname=\"ytism_register\"\n\t\t\t\tclass=\"ytism-btn ytism-register-btn\"\n\t\t\t\tid=\"ytism-6a033267d75bc_ytism_register\"\n\t\t\t\tdata-text-monthly=\"Comece Agora\"\n\t\t\t\tdata-text-annual=\"Comece Gratuitamente\"\n\t\t\t>\n\t\t\t\t<span class=\"ytism-btn-text\">\n\t\t\t\t\tComece Agora\t\t\t\t<\/span>\n\t\t\t\t<span class=\"ytism-btn-spinner\" style=\"display:none;\"><\/span>\n\t\t\t<\/button>\n\n\n\t\t<\/form>\n\t\t                    <\/div>\n\n                    <div class=\"ytism-auth-options\">\n                        <p>\n                            <span>\n                                J\u00e1 tem uma conta?                                <a href=\"javascript:void(0)\" class=\"ytism-show-login\">Fa\u00e7a login aqui<\/a>\n                            <\/span>\n                        <\/p>\n                    <\/div>\n                <\/div>\n                    <\/div>\n    <\/div>\n<\/div><\/div>\n\t\t\t\t\t\t<\/div>\n\t\t\t\t<\/div>\n\t\t\t\t<\/div>\n\t\t","protected":false},"excerpt":{"rendered":"","protected":false},"author":3,"featured_media":7568,"parent":0,"menu_order":0,"comment_status":"closed","ping_status":"closed","template":"elementor_header_footer","meta":{"footnotes":""},"class_list":["post-7047","page","type-page","status-publish","has-post-thumbnail","hentry"],"_links":{"self":[{"href":"https:\/\/youtunein.com\/pt-br\/wp-json\/wp\/v2\/pages\/7047","targetHints":{"allow":["GET"]}}],"collection":[{"href":"https:\/\/youtunein.com\/pt-br\/wp-json\/wp\/v2\/pages"}],"about":[{"href":"https:\/\/youtunein.com\/pt-br\/wp-json\/wp\/v2\/types\/page"}],"author":[{"embeddable":true,"href":"https:\/\/youtunein.com\/pt-br\/wp-json\/wp\/v2\/users\/3"}],"replies":[{"embeddable":true,"href":"https:\/\/youtunein.com\/pt-br\/wp-json\/wp\/v2\/comments?post=7047"}],"version-history":[{"count":9,"href":"https:\/\/youtunein.com\/pt-br\/wp-json\/wp\/v2\/pages\/7047\/revisions"}],"predecessor-version":[{"id":7757,"href":"https:\/\/youtunein.com\/pt-br\/wp-json\/wp\/v2\/pages\/7047\/revisions\/7757"}],"wp:featuredmedia":[{"embeddable":true,"href":"https:\/\/youtunein.com\/pt-br\/wp-json\/wp\/v2\/media\/7568"}],"wp:attachment":[{"href":"https:\/\/youtunein.com\/pt-br\/wp-json\/wp\/v2\/media?parent=7047"}],"curies":[{"name":"wp","href":"https:\/\/api.w.org\/{rel}","templated":true}]}}