{"id":7051,"date":"2025-11-11T11:31:18","date_gmt":"2025-11-11T14:31:18","guid":{"rendered":"https:\/\/youtunein.com\/redeem-family-code\/"},"modified":"2025-11-12T08:20:55","modified_gmt":"2025-11-12T11:20:55","slug":"redeem-family-code","status":"publish","type":"page","link":"https:\/\/youtunein.com\/pt-br\/redeem-family-code\/","title":{"rendered":"Redeem Family Code"},"content":{"rendered":"\t\t<div data-elementor-type=\"wp-page\" data-elementor-id=\"7051\" class=\"elementor elementor-7051 elementor-7025\" data-elementor-post-type=\"page\">\n\t\t\t\t<div class=\"elementor-element elementor-element-42d2036 e-flex e-con-boxed e-con e-parent\" data-id=\"42d2036\" data-element_type=\"container\" data-e-type=\"container\" data-settings=\"{&quot;background_background&quot;:&quot;gradient&quot;}\">\n\t\t\t\t\t<div class=\"e-con-inner\">\n\t\t\t\t<div class=\"elementor-element elementor-element-e68b98f elementor-widget elementor-widget-shortcode\" data-id=\"e68b98f\" data-element_type=\"widget\" data-e-type=\"widget\" data-widget_type=\"shortcode.default\">\n\t\t\t\t\t\t\t<div class=\"elementor-shortcode\">\t<div class=\"promocode-section\">\n\t<div class=\"promo-code-section\">\n\t\t<div class=\"promo-code-container\">\n\t\t\t<form id=\"redeem-family-code-form\">\n\t\t\t\t<h3>\n\t\t\t\t\tRegistrar \n\t\t\t\t\t<span style=\"font-weight:900;text-shadow: 2px 2px 4px rgba(0, 0, 0, 0.5);\">\n\t\t\t\t\t\tcom C\u00f3digo da Fam\u00edlia  \n\t\t\t\t\t<\/span> aqui \n\t\t\t\t<\/h3>\n\n\t\t\t\t<input type=\"text\" name=\"familyCode\" placeholder=\"C\u00f3digo da fam\u00edlia *\" required>\n\t\t\t\t<input type=\"text\" name=\"name\" placeholder=\"Primeiro nome\" required>\n\t\t\t\t<input type=\"text\" name=\"lastName\" placeholder=\"Sobrenome\" required>\n\t\t\t\t<input type=\"email\" name=\"email\" placeholder=\"E-mail\" required>\n\t\t\t\t<input type=\"password\" name=\"password\" placeholder=\"Senha\" required>\n\t\t\t\t\t\t\t\t<input type=\"hidden\" name=\"language\" value=\"PT\" placeholder=\"Language (e.g. EN) *\" required>\n\n\t\t\t\t<button type=\"submit\" class=\"validate-btn\">Enviar <\/button>\n\t\t\t<\/form>\n\n\t\t\t\n\t\t<\/div>\n\t\t<\/div>\n\t\t<!-- Response code here -->\n\t<div class=\"response-message-container\" style=\"display: none;\">\n\t<\/div> \n\t\n\t\n\t\t<div class=\"family-plan shadow\" style=\"display: none;\">\n\t\t\t\t\n<div class=\"ytism-welcome-box name-redeem-family-code\">\n\t\t<img \n\t\tsrc=\"https:\/\/youtunein.com\/wp-content\/plugins\/youtunein-subscription-management\/assets\/img\/ytism-icon.png\" \n\t\talt=\"Logotipo do YouTuneIn\" \n\t\tclass=\"ytism-welcome-box-icon\" \n\t\/>\n\t<h1 class=\"ytism-welcome-box-title\">\n\t\tBem-vindo ao <strong>YouTuneIn<\/strong>\t<\/h1>\n\t<div class=\"ytism-welcome-box-qr-images\">\n\n\t\t<div class=\"ytism-welcome-box-qr-image-box\">\n\t\t\t<a href=\"https:\/\/play.google.com\/store\/apps\/details?id=com.youtunein.youtunein\" target=\"_blank\">\n\n\t\t\t\t<!-- Desktop QR -->\n\t\t\t\t<img class=\"ytism-qr-desktop\"\n\t\t\t\t\tsrc=\"https:\/\/youtunein.com\/wp-content\/plugins\/youtunein-subscription-management\/assets\/img\/playstore-qr.png\"\n\t\t\t\t\talt=\"Baixe no Google Play\">\n\n\t\t\t\t<!-- Mobile Badge -->\n\t\t\t\t<img class=\"ytism-qr-mobile\"\n\t\t\t\t\tsrc=\"https:\/\/youtunein.com\/wp-content\/uploads\/2026\/02\/Google_Play.png\"\n\t\t\t\t\talt=\"Baixe no Google Play\">\n\n\t\t\t<\/a>\n\t\t<\/div>\n\n\t\t<div class=\"ytism-welcome-box-qr-image-box\">\n\t\t\t<a href=\"https:\/\/apps.apple.com\/br\/app\/medita%C3%A7%C3%A3o-binaural-youtunein\/id1545920448\" target=\"_blank\">\n\n\t\t\t\t<!-- Desktop QR -->\n\t\t\t\t<img class=\"ytism-qr-desktop\"\n\t\t\t\t\tsrc=\"https:\/\/youtunein.com\/wp-content\/plugins\/youtunein-subscription-management\/assets\/img\/appstore-qr.png\"\n\t\t\t\t\talt=\"Baixe na App Store\">\n\n\t\t\t\t<!-- Mobile Badge -->\n\t\t\t\t<img class=\"ytism-qr-mobile\"\n\t\t\t\t\tsrc=\"https:\/\/youtunein.com\/wp-content\/uploads\/2026\/02\/App_Store.png\"\n\t\t\t\t\talt=\"Baixe na App Store\">\n\n\t\t\t<\/a>\n\t\t<\/div>\n\n\t<\/div>\n\n\t<ol class=\"ytism-welcome-box-list ytism-welcome-list-desktop\">\n\t\t<li>\n\t\t\t<span class=\"ytism-welcome-box-list-circle\">1<\/span>\n\t\t\t<p>\n\t\t\t\tEscaneie o <strong>c\u00f3digo QR<\/strong> para instalar o YouTuneIn na loja de aplicativos.\t\t\t<\/p>\n\t\t<\/li>\n\t\t<li>\n\t\t\t<span class=\"ytism-welcome-box-list-circle\">2<\/span>\n\t\t\t<p>Fa\u00e7a login com a conta que voc\u00ea acabou de criar.<\/p>\n\t\t<\/li>\n\t\t<li>\n\t\t\t<span class=\"ytism-welcome-box-list-circle\">3<\/span>\n\t\t\t<p>\n\t\t\t\tExplore centenas de medita\u00e7\u00f5es e reduza o estresse em apenas <strong>10 dias<\/strong>\t\t\t<\/p>\n\t\t<\/li>\n\t\t<li>\n\t\t\t<span class=\"ytism-welcome-box-list-circle\">4<\/span>\n\t\t\t<p>Voc\u00ea tamb\u00e9m pode continuar pelo Webapp. Por favor, use o link abaixo para fazer login.<\/p>\n\t\t<\/li>\n\t<\/ol>\n\n\t<ol class=\"ytism-welcome-box-list ytism-welcome-list-mobile\">\n\t\t<li>\n\t\t\t<span class=\"ytism-welcome-box-list-circle\">1<\/span>\n\t\t\t<p> Baixe o app na sua loja de aplicativos. <\/p>\n\t\t<\/li>\n\n\t\t<li>\n\t\t\t<span class=\"ytism-welcome-box-list-circle\">2<\/span>\n\t\t\t<p> Fa\u00e7a login com a conta que voc\u00ea acabou de criar \u2014 n\u00e3o \u00e9 necess\u00e1rio se cadastrar novamente. <\/p>\n\t\t<\/li>\n\n\t\t<li>\n\t\t\t<span class=\"ytism-welcome-box-list-circle\">3<\/span>\n\t\t\t<p>\n\t\t\tExplore centenas de medita\u00e7\u00f5es e reduza seu estresse em apenas <strong>10 dias<\/strong>.\t\t\t<\/p>\n\t\t<\/li>\n\n\t<\/ol>\n\n\t<h5 class=\"ytism-welcome-box-divider\">ou<\/h5>\n\t<a href=\"https:\/\/app.youtunein.com\/login\" target=\"_blank\" class=\"ytism-welcome-box-webapp-link\">\n\t\tContinue para o aplicativo web\t<\/a>\n<\/div>\t\t\t<\/div> <!-- End Family Plan Here -->\n\n\t\n\t<\/div>  <!-- End Full Container here -->\n\t<!-- Placeholder for response -->\n\n\t<!-- End response Here -->\n\n\t<style>\n\t.promocode-section {\n\t\tpadding: 0;\n\t\tmargin: 0 auto;\n\t}\n\t.promo-code-section {\n\t\tdisplay: flex;\n\t\tjustify-content: center;\n\t\talign-items: center;\n\t}\n\n\t.promo-code-container {\n\t\ttext-align: center;\n\t\tmax-width: 500px;\n\t\twidth: 100%;\n\t\tpadding: 30px 20px;\n\t\tbackground: rgba(0, 0, 0, 0.4);\n\t\tborder-radius: 15px;\n\t}\n\n\t.promo-code-container h3 {\n\t\tcolor: #fff;\n\t\tmargin-bottom: 20px;\n\t\tfont-size: 20px;\n\t}\n\n\t.promo-code-container input {\n\t\tdisplay: block;\n\t\twidth: 100%;\n\t\tpadding: 14px 12px;\n\t\tmargin: 12px 0;\n\t\tborder: none;\n\t\tborder-radius: 30px;\n\t\toutline: none;\n\t\tfont-size: 16px;\n\t\ttext-align: left; \/* \u2705 left align placeholder *\/\n\t}\n\n\t.validate-btn {\n\t\tdisplay: inline-block;\n\t\tbackground: linear-gradient(90deg, #48306D, #C24A82, #F87458);\n\t\tcolor: #fff;\n\t\tpadding: 15px 70px;\n\t\tborder-radius: 50px;\n\t\tborder: 1px solid #F6DA46;\n\t\tfont-size: 18px;\n\t\tcursor: pointer;\n\t\tfont-weight: 800;\n\t\tfont-family: \"Poppins\", Sans-serif;\n\t\ttransition: all 0.3s ease;\n\t}\n\n\t.validate-btn:hover {\n\t\topacity: 0.9;\n\t\ttransform: scale(1.03);\n\t}\n\n\t.api-response {\n\t\tmargin-top: 20px;\n\t\tfont-size: 16px;\n\t\tfont-weight: bold;\n\t}\n\n\t\/* Responsive *\/\n\t@media (max-width: 768px) {\n\t\t.promo-code-section {\n\t\t\tmin-height: 60vh;\n\t\t\tpadding: 30px 15px;\n\t\t}\n\t\t.promo-code-container {\n\t\t\tmax-width: 90%;\n\t\t}\n\t\t.promo-code-container h3 {\n\t\t\tfont-size: 18px;\n\t\t}\n\t\t.validate-btn {\n\t\t\twidth: 100%;\n\t\t\tpadding: 15px 0;\n\t\t\tfont-size: 16px;\n\t\t}\n\t}\n\t\n\t.supermanager-response-message {\n\t\tbackground-color: #f2f9f5;\n\tborder-left-color: #51dc6b;\n\t}\n\n\t@media (max-width: 480px) {\n\t\t.promo-code-section {\n\t\t\tmin-height: 50vh;\n\t\t\tpadding: 20px 10px;\n\t\t}\n\t\t.promo-code-container h3 {\n\t\t\tfont-size: 16px;\n\t\t}\n\t\t.promo-code-container input {\n\t\t\tfont-size: 14px;\n\t\t\tpadding: 12px;\n\t\t}\n\t\t.validate-btn {\n\t\t\tfont-size: 15px;\n\t\t\tpadding: 14px 0;\n\t\t}\n\t}\n\t\n\t\/* Family Plan Code Css Centered Card Styling *\/\n\t.family-plan {\n\t\tdisplay: flex;\n\t\talign-items: center;\n\t\tjustify-content: center;\n\t}\n\n\t.family-plan .card {\n\t\tborder: 1px solid #FFC400;\n\t\tborder-radius: 23px;\n\t\tpadding: 30px 40px 30px 40px;\n\t\ttext-align: center;\n\t\tmax-width: 795px;\n\t\twidth: 100%;\n\t\tcolor: #ffffff;\n\t\tbackground: #FFFFFF33;\n\n\t}\n\n\t\/* Logo *\/\n\t.family-plan .logo {\n\t\tdisplay: block;\n\t\tmargin: 0 auto 20px auto; \/* center horizontally with bottom margin *\/\n\t\twidth: 70px;\n\t}\n\n\t\/* Heading *\/\n\t.family-plan h1 {\n\t\tfont-family: Poppins;\n\t\tfont-weight: 500;\n\t\tfont-style: Medium;\n\t\tfont-size: 20px;\n\t\tleading-trim: NONE;\n\t\tline-height: 100%;\n\t\tletter-spacing: 0px;\n\t\ttext-align: center;\n\n\t}\n\n\t.family-plan h1 span {\n\t\tfont-family: Poppins;\n\tfont-weight: 800;\n\tfont-style: ExtraBold;\n\tfont-size: 20px;\n\tleading-trim: NONE;\n\tline-height: 100%;\n\tletter-spacing: 0px;\n\ttext-align: center;\n\n\n\t}\n\t\t\n\t.step-list {\n\t\tlist-style: none;\n\t\tpadding: 0;\n\t\tmargin: 0;\n\t\tposition: relative;\n\t}\n\n\t.step-list li {\n\t\tdisplay: flex;\n\t\talign-items: flex-start;\n\t\tmargin-bottom: 4px;\n\t\tposition: relative;\n\t}\n\n\t.step-list li:last-child {\n\t\tmargin-bottom: 0;\n\t}\n\n\t.circle {\n\t\twidth: 40px;\n\t\theight: 40px;\n\t\tborder-radius: 50%;\n\t\/* background: linear-gradient(to bottom, #331a57, #f27059); *\/\n\t\tcolor: white;\n\t\tdisplay: flex;\n\t\talign-items: center;\n\t\tjustify-content: center;\n\t\tposition: relative;\n\t\tz-index: 1;\n\t\tflex-shrink: 0;\n\t\tfont-family: Poppins;\n\t\tfont-weight: 700;\n\t\tfont-size: 18px;\n\t\tbackground: linear-gradient(180deg, #382B64 0%, #A34776 49.04%, #E67A6A 100%);\n\t\tmargin-top:2px;\n\t}\n\n\t.step-list li::before {\n\t\tcontent: '';\n\t\tposition: absolute;\n\t\tleft: 19px;\n\t\ttop: 42px;\n\t\tbottom: -49px;\n\t\twidth: 2px;\n\t\tz-index: 0;\n\t\tbackground-image: repeating-linear-gradient(\n\t\tto bottom,\n\t\t#AC4A78,\n\t\t#AC4A78 6px,\n\t\ttransparent 6px,\n\t\ttransparent 14px\n\t\t);\n\t\tz-index: 0;\n\t}\n\n\t.step-list li:last-child::before {\n\t\tcontent: none;\n\t}\n\n\t.step-list p {\n\t\tmax-width: 700px;\n\t\ttext-align: left;\n\t\tpadding-left: 10px;\n\t\tfont-family: Poppins;\n\t\tfont-weight: 500;\n\t\tfont-size: 18px;\n\t\tpadding-top: 9px;\n\t}\n\n\t.step-list p strong {\n\t\tfont-weight: 800;\n\t}\n\n\t.family-plan .link {\n\t\tcolor: #f6da46;\n\t\ttext-decoration: none;\n\t\tfont-weight: 600;\n\t\tfont-size: 0.95rem;\n\t}\n\n\t.family-plan .link:hover {\n\t\ttext-decoration: underline;\n\t}\n\t.family-plan .card h5 {\n\t\tfont-family: Poppins;\n\t\tfont-weight: 500;\n\t\tfont-size: 18px;\n\t\tline-height: 0;\n\t}\n\t\n\n\n\t.response-message-container {\n\t\t\tcolor: white;\n\t\t\tdisplay: flex;\n\t\t\tflex-direction: column;\n\t\t\talign-items: center;\n\t\t\tjustify-content: center;\n\t\t\tpadding: 20px;\n\t\t\tmargin: 0 auto;\n\t\t\tmargin-left: auto;\n\t\t\tmargin-right: auto;\n\t\t}\n\n\t\t.success-box {\n\t\t\ttext-align: center;\n\t\t}\n\n\t\t.success-box h3 {\n\t\t\tfont-size: 24px;\n\t\t\tmargin-bottom: 15px;\n\t\t}\n\n\t\t.user-info p {\n\t\t\tmargin: 6px 0;\n\t\t\tfont-size: 18px;\n\t\t\tcolor: #e0f7fa;\n\t\t}\n\n\t.shadow h1, .shadow h2, .shadow h3, .shadow p, .shadow span, .shadow strong, .shadow b, .shadow ol li {\n\t\ttext-shadow: 2px 2px 4px rgba(0, 0, 0, 0.5);\n\t}\n\t.image-row {\n\t\tdisplay: flex;\n\t\tjustify-content: center; \/* centers horizontally *\/\n\t\talign-items: center;\n\t\tgap: 20px; \/* space between images *\/\n\t\tflex-wrap: wrap; \/* makes responsive *\/\n\t\tmargin: 25px 0px;\n\t}\n  \n\t.image-row img {\n\twidth: 33%; \/* adjust size *\/\n\tmax-width: 400px;\n\theight: auto;\n\tborder-radius: 10px; \/* optional rounded corners *\/\n\t}\n  \n\t@media (max-width: 768px) {\n\t.image-row img {\n\t\twidth: 90%; \/* stack vertically on small screens *\/\n\t}\n\t}\n\t<\/style>\n\t\t<\/div>\n\t\t\t\t\t\t<\/div>\n\t\t\t\t\t<\/div>\n\t\t\t\t<\/div>\n\t\t\t\t<\/div>\n\t\t","protected":false},"excerpt":{"rendered":"","protected":false},"author":3,"featured_media":7568,"parent":0,"menu_order":0,"comment_status":"closed","ping_status":"closed","template":"elementor_header_footer","meta":{"footnotes":""},"class_list":["post-7051","page","type-page","status-publish","has-post-thumbnail","hentry"],"_links":{"self":[{"href":"https:\/\/youtunein.com\/pt-br\/wp-json\/wp\/v2\/pages\/7051","targetHints":{"allow":["GET"]}}],"collection":[{"href":"https:\/\/youtunein.com\/pt-br\/wp-json\/wp\/v2\/pages"}],"about":[{"href":"https:\/\/youtunein.com\/pt-br\/wp-json\/wp\/v2\/types\/page"}],"author":[{"embeddable":true,"href":"https:\/\/youtunein.com\/pt-br\/wp-json\/wp\/v2\/users\/3"}],"replies":[{"embeddable":true,"href":"https:\/\/youtunein.com\/pt-br\/wp-json\/wp\/v2\/comments?post=7051"}],"version-history":[{"count":2,"href":"https:\/\/youtunein.com\/pt-br\/wp-json\/wp\/v2\/pages\/7051\/revisions"}],"predecessor-version":[{"id":7208,"href":"https:\/\/youtunein.com\/pt-br\/wp-json\/wp\/v2\/pages\/7051\/revisions\/7208"}],"wp:featuredmedia":[{"embeddable":true,"href":"https:\/\/youtunein.com\/pt-br\/wp-json\/wp\/v2\/media\/7568"}],"wp:attachment":[{"href":"https:\/\/youtunein.com\/pt-br\/wp-json\/wp\/v2\/media?parent=7051"}],"curies":[{"name":"wp","href":"https:\/\/api.w.org\/{rel}","templated":true}]}}