{"id":7639,"date":"2026-02-25T08:56:24","date_gmt":"2026-02-25T11:56:24","guid":{"rendered":"https:\/\/youtunein.com\/?page_id=7639"},"modified":"2026-02-25T09:12:21","modified_gmt":"2026-02-25T12:12:21","slug":"subscription-terms","status":"publish","type":"page","link":"https:\/\/youtunein.com\/pt-br\/subscription-terms\/","title":{"rendered":"Subscription Terms"},"content":{"rendered":"\t\t<div data-elementor-type=\"wp-page\" data-elementor-id=\"7639\" class=\"elementor elementor-7639\" data-elementor-post-type=\"page\">\n\t\t\t\t<div class=\"elementor-element elementor-element-4fc5cca8 e-flex e-con-boxed e-con e-parent\" data-id=\"4fc5cca8\" data-element_type=\"container\" data-e-type=\"container\" data-settings=\"{&quot;background_background&quot;:&quot;classic&quot;}\">\n\t\t\t\t\t<div class=\"e-con-inner\">\n\t\t\t\t\t<\/div>\n\t\t\t\t<\/div>\n\t\t<div class=\"elementor-element elementor-element-43be0c7b e-flex e-con-boxed e-con e-parent\" data-id=\"43be0c7b\" data-element_type=\"container\" data-e-type=\"container\">\n\t\t\t\t\t<div class=\"e-con-inner\">\n\t\t<div class=\"elementor-element elementor-element-656207fe e-con-full e-flex e-con e-child\" data-id=\"656207fe\" data-element_type=\"container\" data-e-type=\"container\">\n\t\t\t\t<div class=\"elementor-element elementor-element-61af8221 elementor-widget elementor-widget-heading\" data-id=\"61af8221\" data-element_type=\"widget\" data-e-type=\"widget\" data-widget_type=\"heading.default\">\n\t\t\t\t\t<h2 class=\"elementor-heading-title elementor-size-default\">TERMOS DE ASSINATURA<\/h2>\t\t\t\t<\/div>\n\t\t\t\t<div class=\"elementor-element elementor-element-43256eb2 elementor-widget elementor-widget-image\" data-id=\"43256eb2\" data-element_type=\"widget\" data-e-type=\"widget\" data-widget_type=\"image.default\">\n\t\t\t\t\t\t\t\t\t\t\t\t\t\t\t<img decoding=\"async\" width=\"200\" height=\"88\" src=\"https:\/\/youtunein.com\/wp-content\/uploads\/2026\/02\/freq-copiar.png\" class=\"attachment-full size-full wp-image-7646\" alt=\"\" \/>\t\t\t\t\t\t\t\t\t\t\t\t\t\t\t<\/div>\n\t\t\t\t<\/div>\n\t\t\t\t<div class=\"elementor-element elementor-element-233c48c5 elementor-widget elementor-widget-heading\" data-id=\"233c48c5\" data-element_type=\"widget\" data-e-type=\"widget\" data-widget_type=\"heading.default\">\n\t\t\t\t\t<h2 class=\"elementor-heading-title elementor-size-default\">\u00daltima atualiza\u00e7\u00e3o em 18 de Junho de 2025.<\/h2>\t\t\t\t<\/div>\n\t\t\t\t<div class=\"elementor-element elementor-element-70c06dcd negrito-roxo elementor-widget elementor-widget-text-editor\" data-id=\"70c06dcd\" data-element_type=\"widget\" data-e-type=\"widget\" data-widget_type=\"text-editor.default\">\n\t\t\t\t\t\t\t\t\t<p><span style=\"font-weight: 400;\">1. A menos que voc\u00ea cancele pelo menos 24 horas antes do final da avalia\u00e7\u00e3o gratuita (se houver), ser\u00e1 cobrado automaticamente um pre\u00e7o indicado na tela de pagamento e \/ ou na tela pop-up de pagamento pelo per\u00edodo de assinatura escolhido e \/ ou oferecido no aplicativo.<\/span><span style=\"font-weight: 400;\"><br \/><br \/><\/span><\/p><p><span style=\"font-weight: 400;\">2. O pagamento ser\u00e1 cobrado em sua conta iTunes e \/ ou Google play e \/ ou qualquer loja em que o aplicativo se fa\u00e7a dispon\u00edvel para compra.<\/span><span style=\"font-weight: 400;\"><br \/><br \/><\/span><\/p><p><span style=\"font-weight: 400;\">3. A assinatura \u00e9 renovada automaticamente no final de cada per\u00edodo (a cada semana,<\/span><span style=\"font-weight: 400;\">m\u00eas, 6 meses, ano ou outro) at\u00e9 voc\u00ea cancelar. A assinatura oferecida em uma base ilimitada e vital\u00edcia \u00e9 uma compra \u00fanica, final, n\u00e3o reembols\u00e1vel, mas podendo ser cancelada a qualquer momento.<\/span><\/p><p><span style=\"font-weight: 400;\"><br \/><\/span><span style=\"font-weight: 400;\">4. Voc\u00ea pode cancelar a assinatura (com exce\u00e7\u00e3o de uma validade ilimitada) a qualquer momento, desativando a renova\u00e7\u00e3o autom\u00e1tica nas configura\u00e7\u00f5es da sua conta.<\/span><span style=\"font-weight: 400;\"><br \/><br \/><\/span><\/p><p><span style=\"font-weight: 400;\">5. Para evitar cobran\u00e7a, cancele a assinatura nas configura\u00e7\u00f5es da sua conta pelo menos 24 horas antes do final da avalia\u00e7\u00e3o ou do per\u00edodo atual da assinatura.<\/span><span style=\"font-weight: 400;\"><br \/><br \/><\/span><\/p><p><span style=\"font-weight: 400;\">6. Voc\u00ea sozinho pode gerenciar sua assinatura. Saiba mais sobre como gerenciar assinaturas (e como cancel\u00e1-las) na p\u00e1gina da loja online de seu dispositivo.<\/span><\/p><p><span style=\"font-weight: 400;\">7. Todos os pre\u00e7os indicados j\u00e1 incluem os tributos e taxas aplic\u00e1veis na respectiva jurisdi\u00e7\u00e3o do usu\u00e1rio, salvo indica\u00e7\u00e3o em contr\u00e1rio nas plataformas de venda. O YOUTUNEIN n\u00e3o tem controle sobre a cobran\u00e7a adicional de impostos locais, estaduais ou federais eventualmente aplicados pelas plataformas de distribui\u00e7\u00e3o de aplicativos ou por leis locais.<\/span><\/p><p><span style=\"font-weight: 400;\">8. Em raz\u00e3o de regras espec\u00edficas das plataformas Apple App Store, Google Play Store e equivalentes, o YOUTUNEIN n\u00e3o possui acesso direto aos dados financeiros dos usu\u00e1rios nem gerencia diretamente os cancelamentos, reembolsos ou contesta\u00e7\u00f5es de cobran\u00e7a, sendo responsabilidade exclusiva do usu\u00e1rio a solicita\u00e7\u00e3o e acompanhamento desses processos junto \u00e0s plataformas.<\/span><\/p><p><span style=\"font-weight: 400;\">9. O YOUTUNEIN n\u00e3o concede reembolsos diretamente. As pol\u00edticas de reembolso s\u00e3o administradas exclusivamente pelas respectivas lojas online conforme seus pr\u00f3prios termos e condi\u00e7\u00f5es, que podem variar conforme o pa\u00eds ou regi\u00e3o do usu\u00e1rio.<\/span><\/p><p><span style=\"font-weight: 400;\">10. As compras de assinaturas vital\u00edcias (lifetime) s\u00e3o definitivas, n\u00e3o sujeitas a reembolso, revers\u00e3o ou estorno, mesmo em casos de encerramento volunt\u00e1rio da conta pelo usu\u00e1rio, salvo previs\u00e3o legal obrigat\u00f3ria diversa.<\/span><\/p><p><span style=\"font-weight: 400;\">11. O n\u00e3o uso efetivo do servi\u00e7o, aus\u00eancia de login, falta de utiliza\u00e7\u00e3o de funcionalidades, n\u00e3o configura motivo autom\u00e1tico para restitui\u00e7\u00e3o de valores j\u00e1 pagos.<\/span><\/p><p><span style=\"font-weight: 400;\">Envie-nos quaisquer avisos, d\u00favidas, sugest\u00f5es ou reclama\u00e7\u00f5es para o e-mail: <\/span><span style=\"font-weight: 400; color: #0a73ff;\">contact@youtunein.com<\/span><\/p>\t\t\t\t\t\t\t\t<\/div>\n\t\t\t\t\t<\/div>\n\t\t\t\t<\/div>\n\t\t\t\t<\/div>\n\t\t","protected":false},"excerpt":{"rendered":"<p>TERMOS DE ASSINATURA \u00daltima atualiza\u00e7\u00e3o em 18 de Junho de 2025. 1. A menos que voc\u00ea cancele pelo menos 24 horas antes do final da avalia\u00e7\u00e3o gratuita (se houver), ser\u00e1 cobrado automaticamente um pre\u00e7o indicado na tela de pagamento e \/ ou na tela pop-up de pagamento pelo per\u00edodo de assinatura escolhido e \/ ou [&hellip;]<\/p>\n","protected":false},"author":6,"featured_media":0,"parent":0,"menu_order":0,"comment_status":"closed","ping_status":"closed","template":"","meta":{"footnotes":""},"class_list":["post-7639","page","type-page","status-publish","hentry"],"_links":{"self":[{"href":"https:\/\/youtunein.com\/pt-br\/wp-json\/wp\/v2\/pages\/7639","targetHints":{"allow":["GET"]}}],"collection":[{"href":"https:\/\/youtunein.com\/pt-br\/wp-json\/wp\/v2\/pages"}],"about":[{"href":"https:\/\/youtunein.com\/pt-br\/wp-json\/wp\/v2\/types\/page"}],"author":[{"embeddable":true,"href":"https:\/\/youtunein.com\/pt-br\/wp-json\/wp\/v2\/users\/6"}],"replies":[{"embeddable":true,"href":"https:\/\/youtunein.com\/pt-br\/wp-json\/wp\/v2\/comments?post=7639"}],"version-history":[{"count":10,"href":"https:\/\/youtunein.com\/pt-br\/wp-json\/wp\/v2\/pages\/7639\/revisions"}],"predecessor-version":[{"id":7688,"href":"https:\/\/youtunein.com\/pt-br\/wp-json\/wp\/v2\/pages\/7639\/revisions\/7688"}],"wp:attachment":[{"href":"https:\/\/youtunein.com\/pt-br\/wp-json\/wp\/v2\/media?parent=7639"}],"curies":[{"name":"wp","href":"https:\/\/api.w.org\/{rel}","templated":true}]}}